{"id":112,"date":"2022-07-27T11:09:51","date_gmt":"2022-07-27T09:09:51","guid":{"rendered":"https:\/\/www.szkoleniatotum.pl\/?page_id=112"},"modified":"2022-07-27T11:12:40","modified_gmt":"2022-07-27T09:12:40","slug":"ludzka-strona-biznesu","status":"publish","type":"page","link":"https:\/\/www.szkoleniatotum.pl\/index.php\/ludzka-strona-biznesu\/","title":{"rendered":"Ludzka strona biznesu"},"content":{"rendered":"\t\t<div data-elementor-type=\"wp-page\" data-elementor-id=\"112\" class=\"elementor elementor-112\">\n\t\t\t\t\t\t\t\t\t<section data-particle_enable=\"false\" data-particle-mobile-disabled=\"false\" class=\"elementor-section elementor-top-section elementor-element elementor-element-6fb1886 elementor-section-boxed elementor-section-height-default elementor-section-height-default\" data-id=\"6fb1886\" data-element_type=\"section\" id=\"content\" data-settings=\"{&quot;background_background&quot;:&quot;classic&quot;}\">\n\t\t\t\t\t\t<div class=\"elementor-container elementor-column-gap-no\">\n\t\t\t\t\t<div class=\"elementor-column elementor-col-100 elementor-top-column elementor-element elementor-element-ff2ba29\" data-id=\"ff2ba29\" data-element_type=\"column\" data-settings=\"{&quot;background_background&quot;:&quot;classic&quot;}\">\n\t\t\t<div class=\"elementor-widget-wrap elementor-element-populated\">\n\t\t\t\t\t\t\t\t<div class=\"elementor-element elementor-element-de96136 elementor-widget elementor-widget-heading\" data-id=\"de96136\" data-element_type=\"widget\" data-widget_type=\"heading.default\">\n\t\t\t\t<div class=\"elementor-widget-container\">\n\t\t\t<style>\/*! elementor - v3.6.5 - 27-04-2022 *\/\n.elementor-heading-title{padding:0;margin:0;line-height:1}.elementor-widget-heading .elementor-heading-title[class*=elementor-size-]>a{color:inherit;font-size:inherit;line-height:inherit}.elementor-widget-heading .elementor-heading-title.elementor-size-small{font-size:15px}.elementor-widget-heading .elementor-heading-title.elementor-size-medium{font-size:19px}.elementor-widget-heading .elementor-heading-title.elementor-size-large{font-size:29px}.elementor-widget-heading .elementor-heading-title.elementor-size-xl{font-size:39px}.elementor-widget-heading .elementor-heading-title.elementor-size-xxl{font-size:59px}<\/style><h2 class=\"elementor-heading-title elementor-size-default\">Ludzka strona biznesu<\/h2>\t\t<\/div>\n\t\t\t\t<\/div>\n\t\t\t\t<div class=\"elementor-element elementor-element-ea10e62 elementor-widget elementor-widget-text-editor\" data-id=\"ea10e62\" data-element_type=\"widget\" data-widget_type=\"text-editor.default\">\n\t\t\t\t<div class=\"elementor-widget-container\">\n\t\t\t<style>\/*! elementor - v3.6.5 - 27-04-2022 *\/\n.elementor-widget-text-editor.elementor-drop-cap-view-stacked .elementor-drop-cap{background-color:#818a91;color:#fff}.elementor-widget-text-editor.elementor-drop-cap-view-framed .elementor-drop-cap{color:#818a91;border:3px solid;background-color:transparent}.elementor-widget-text-editor:not(.elementor-drop-cap-view-default) .elementor-drop-cap{margin-top:8px}.elementor-widget-text-editor:not(.elementor-drop-cap-view-default) .elementor-drop-cap-letter{width:1em;height:1em}.elementor-widget-text-editor .elementor-drop-cap{float:left;text-align:center;line-height:1;font-size:50px}.elementor-widget-text-editor .elementor-drop-cap-letter{display:inline-block}<\/style>\t\t\t\t<p><strong>Czy praca mo\u017ce by\u0107 \u017ar\u00f3d\u0142em satysfakcji i zadowolenia?<\/strong><\/p><p>Tak. Zdecydowanie tak! W swojej karierze zawodowej, kt\u00f3r\u0105 rozpocz\u0119\u0142am w 1990 roku, mia\u0142am przyjemno\u015b\u0107 pracowa\u0107 w takiej firmie. By\u0142o to 8 lat wyzwa\u0144, rozwoju, rado\u015bci z pracy w zgranym zespole, realizowania r\u00f3\u017cnych pomys\u0142\u00f3w, pokonywania przeszk\u00f3d, tworzenia wspania\u0142ych relacji i osi\u0105gania zaplanowanych cel\u00f3w. Pracowali\u015bmy w atmosferze zaufania i szacunku oraz codziennej ludzkiej \u017cyczliwo\u015bci. Praca by\u0142a pasj\u0105, nie obowi\u0105zkiem!<\/p><p>Z do\u015bwiadczenia wiem, \u017ce firm takich nie ma zbyt wiele. Zazwyczaj w codziennej pracy lider\u00f3w, mened\u017cer\u00f3w skupiamy si\u0119 na celach biznesowych, zyskach, kosztach, terminowo\u015bci zada\u0144, czyli twardej stronie zarz\u0105dzania firm\u0105. W mniejszym stopniu zwracamy uwag\u0119 na \u201eludzk\u0105 stron\u0119 biznesu\u201d, czyli mi\u0119kkie aspekty zarz\u0105dzania i wsp\u00f3\u0142pracy.<\/p><p>Do\u015bwiadczenia firm przyjaznych pracownikom pokazuj\u0105, \u017ce dzia\u0142ania kierownictwa, takie jak:<\/p><ul><li>zadbanie o \u015brodowisko pracy, kultur\u0119 organizacyjn\u0105, uwzgl\u0119dnianie r\u00f3\u017cnic mi\u0119dzy pokoleniami,<\/li><li>zapewnienie zaufania, szacunku, dwustronnej komunikacji,<\/li><li>uwzgl\u0119dnianie przy doborze wykonywanej pracy umiej\u0119tno\u015bci, potencja\u0142u i potrzeb pracownik\u00f3w,<\/li><li>stawianie odpowiednich wyzwa\u0144, umo\u017cliwianie realizacji zada\u0144, udzielanie wsparcia, dba\u0142o\u015b\u0107 o rozw\u00f3j pracownik\u00f3w<\/li><\/ul><p><br \/>przyczyniaj\u0105 si\u0119 do zwi\u0119kszenia zaanga\u017cowania i efektywno\u015bci pracownik\u00f3w, przek\u0142adaj\u0105c si\u0119 na lepsze wyniki firmy i jej pozycj\u0119 rynkow\u0105.<\/p><p><strong><em>\u201eJedyn\u0105 warto\u015bci\u0105, kt\u00f3rej konkurenci nigdy nie zdo\u0142aj\u0105 powieli\u0107 \u2013 stanowi\u0105 ludzie\u201d (Judith Leary-Joyce)<\/em><\/strong><\/p><p>Moim marzeniem i celem w dzia\u0142aniu jest tworzenie takich miejsc pracy! Dlatego z ch\u0119ci\u0105 dziel\u0119 si\u0119 z Pa\u0144stwem swoim do\u015bwiadczeniem, pomagam w doskonaleniu i praktycznym zastosowaniu niezb\u0119dnych umiej\u0119tno\u015bci mi\u0119kkich, wspieram na etapie przygotowa\u0144 i wdra\u017cania zmian.<\/p><p>El\u017cbieta Kowalewska<\/p>\t\t\t\t\t\t<\/div>\n\t\t\t\t<\/div>\n\t\t\t\t\t<\/div>\n\t\t<\/div>\n\t\t\t\t\t\t\t<\/div>\n\t\t<\/section>\n\t\t\t\t\t\t\t<\/div>\n\t\t","protected":false},"excerpt":{"rendered":"<p>Ludzka strona biznesu Czy praca mo\u017ce by\u0107 \u017ar\u00f3d\u0142em satysfakcji i zadowolenia? Tak. Zdecydowanie tak! W swojej karierze zawodowej, kt\u00f3r\u0105 rozpocz\u0119\u0142am w 1990 roku, mia\u0142am przyjemno\u015b\u0107 pracowa\u0107 w takiej firmie. By\u0142o to 8 lat wyzwa\u0144, rozwoju, rado\u015bci z pracy w zgranym zespole, realizowania r\u00f3\u017cnych pomys\u0142\u00f3w, pokonywania przeszk\u00f3d, tworzenia wspania\u0142ych relacji i osi\u0105gania zaplanowanych cel\u00f3w. Pracowali\u015bmy w [&hellip;]<\/p>\n","protected":false},"author":1,"featured_media":0,"parent":0,"menu_order":0,"comment_status":"closed","ping_status":"closed","template":"elementor_header_footer","meta":[],"_links":{"self":[{"href":"https:\/\/www.szkoleniatotum.pl\/index.php\/wp-json\/wp\/v2\/pages\/112"}],"collection":[{"href":"https:\/\/www.szkoleniatotum.pl\/index.php\/wp-json\/wp\/v2\/pages"}],"about":[{"href":"https:\/\/www.szkoleniatotum.pl\/index.php\/wp-json\/wp\/v2\/types\/page"}],"author":[{"embeddable":true,"href":"https:\/\/www.szkoleniatotum.pl\/index.php\/wp-json\/wp\/v2\/users\/1"}],"replies":[{"embeddable":true,"href":"https:\/\/www.szkoleniatotum.pl\/index.php\/wp-json\/wp\/v2\/comments?post=112"}],"version-history":[{"count":4,"href":"https:\/\/www.szkoleniatotum.pl\/index.php\/wp-json\/wp\/v2\/pages\/112\/revisions"}],"predecessor-version":[{"id":116,"href":"https:\/\/www.szkoleniatotum.pl\/index.php\/wp-json\/wp\/v2\/pages\/112\/revisions\/116"}],"wp:attachment":[{"href":"https:\/\/www.szkoleniatotum.pl\/index.php\/wp-json\/wp\/v2\/media?parent=112"}],"curies":[{"name":"wp","href":"https:\/\/api.w.org\/{rel}","templated":true}]}}