{"id":141,"date":"2022-07-27T11:39:14","date_gmt":"2022-07-27T09:39:14","guid":{"rendered":"https:\/\/www.szkoleniatotum.pl\/?page_id=141"},"modified":"2022-07-27T11:49:54","modified_gmt":"2022-07-27T09:49:54","slug":"inspiracje","status":"publish","type":"page","link":"https:\/\/www.szkoleniatotum.pl\/index.php\/inspiracje\/","title":{"rendered":"Inspiracje"},"content":{"rendered":"\t\t<div data-elementor-type=\"wp-page\" data-elementor-id=\"141\" class=\"elementor elementor-141\">\n\t\t\t\t\t\t\t\t\t<section data-particle_enable=\"false\" data-particle-mobile-disabled=\"false\" class=\"elementor-section elementor-top-section elementor-element elementor-element-6fb1886 elementor-section-boxed elementor-section-height-default elementor-section-height-default\" data-id=\"6fb1886\" data-element_type=\"section\" id=\"content\" data-settings=\"{&quot;background_background&quot;:&quot;classic&quot;}\">\n\t\t\t\t\t\t<div class=\"elementor-container elementor-column-gap-no\">\n\t\t\t\t\t<div class=\"elementor-column elementor-col-100 elementor-top-column elementor-element elementor-element-ff2ba29\" data-id=\"ff2ba29\" data-element_type=\"column\" data-settings=\"{&quot;background_background&quot;:&quot;classic&quot;}\">\n\t\t\t<div class=\"elementor-widget-wrap elementor-element-populated\">\n\t\t\t\t\t\t\t\t<div class=\"elementor-element elementor-element-de96136 elementor-widget elementor-widget-heading\" data-id=\"de96136\" data-element_type=\"widget\" data-widget_type=\"heading.default\">\n\t\t\t\t<div class=\"elementor-widget-container\">\n\t\t\t<style>\/*! elementor - v3.6.5 - 27-04-2022 *\/\n.elementor-heading-title{padding:0;margin:0;line-height:1}.elementor-widget-heading .elementor-heading-title[class*=elementor-size-]>a{color:inherit;font-size:inherit;line-height:inherit}.elementor-widget-heading .elementor-heading-title.elementor-size-small{font-size:15px}.elementor-widget-heading .elementor-heading-title.elementor-size-medium{font-size:19px}.elementor-widget-heading .elementor-heading-title.elementor-size-large{font-size:29px}.elementor-widget-heading .elementor-heading-title.elementor-size-xl{font-size:39px}.elementor-widget-heading .elementor-heading-title.elementor-size-xxl{font-size:59px}<\/style><h2 class=\"elementor-heading-title elementor-size-default\">Inspiracje<\/h2>\t\t<\/div>\n\t\t\t\t<\/div>\n\t\t\t\t<div class=\"elementor-element elementor-element-ff67250 elementor-widget elementor-widget-text-editor\" data-id=\"ff67250\" data-element_type=\"widget\" data-widget_type=\"text-editor.default\">\n\t\t\t\t<div class=\"elementor-widget-container\">\n\t\t\t<style>\/*! elementor - v3.6.5 - 27-04-2022 *\/\n.elementor-widget-text-editor.elementor-drop-cap-view-stacked .elementor-drop-cap{background-color:#818a91;color:#fff}.elementor-widget-text-editor.elementor-drop-cap-view-framed .elementor-drop-cap{color:#818a91;border:3px solid;background-color:transparent}.elementor-widget-text-editor:not(.elementor-drop-cap-view-default) .elementor-drop-cap{margin-top:8px}.elementor-widget-text-editor:not(.elementor-drop-cap-view-default) .elementor-drop-cap-letter{width:1em;height:1em}.elementor-widget-text-editor .elementor-drop-cap{float:left;text-align:center;line-height:1;font-size:50px}.elementor-widget-text-editor .elementor-drop-cap-letter{display:inline-block}<\/style>\t\t\t\t<p><strong>Andrzej Blikle<\/strong> \u2013 rozmowa z Profesorem: <a href=\"https:\/\/www.youtube.com\/watch?v=yPV_Bg7fRlQ\" target=\"_blank\" rel=\"noopener\">https:\/\/www.youtube.com\/watch?v=yPV_Bg7fRlQ<\/a>\u00a0<br \/><strong>Susan Cain<\/strong> \u2013 The powers of introverts: <a href=\"https:\/\/www.youtube.com\/watch?v=c0KYU2j0TM4\" target=\"_blank\" rel=\"noopener\">https:\/\/www.youtube.com\/watch?v=c0KYU2j0TM4<\/a><br \/><strong>Carol Dweck<\/strong> \u2013 The growth mindset: <a href=\"https:\/\/www.youtube.com\/watch?v=-71zdXCMU6A\" target=\"_blank\" rel=\"noopener\">https:\/\/www.youtube.com\/watch?v=-71zdXCMU6A<\/a><br \/><strong>Carol Dweck<\/strong> \u2013 Perfectionism: <a href=\"https:\/\/www.youtube.com\/watch?v=XgUF5WalyDk\" target=\"_blank\" rel=\"noopener\">https:\/\/www.youtube.com\/watch?v=XgUF5WalyDk<\/a><br \/><strong>Judith Leary-Joyce<\/strong> \u2013 The psychology of success: <a href=\"https:\/\/www.youtube.com\/watch?v=84YupkaNhjg\" target=\"_blank\" rel=\"noopener\">https:\/\/www.youtube.com\/watch?v=84YupkaNhjg<\/a><br \/><strong>Cesar Millan<\/strong> \u2013 Train confidence &amp; become the leader of the pack: <a href=\"https:\/\/www.youtube.com\/watch?v=sTgxWI608u8\" target=\"_blank\" rel=\"noopener\">https:\/\/www.youtube.com\/watch?v=sTgxWI608u8<\/a><br \/><strong>Jacek Santorski<\/strong> \u2013 Mentoring \u2013 opowie\u015b\u0107 osobista: <a href=\"https:\/\/www.youtube.com\/watch?v=TkJnqOU_ntw\" target=\"_blank\" rel=\"noopener\">https:\/\/www.youtube.com\/watch?v=TkJnqOU_ntw<\/a><br \/><strong>Jacek Santorski<\/strong> \u2013 Znajd\u017a w sobie dziewczynk\u0119 z zapa\u0142kami: <a href=\"https:\/\/www.youtube.com\/watch?v=ckyowTHcPco\" target=\"_blank\" rel=\"noopener\">https:\/\/www.youtube.com\/watch?v=ckyowTHcPco<\/a><br \/><strong>Simon Sinek<\/strong> \u2013 The Millennials \u2013 Pokolenie Y: <a href=\"https:\/\/www.youtube.com\/watch?v=bmm0PVHG-kE\" target=\"_blank\" rel=\"noopener\">https:\/\/www.youtube.com\/watch?v=bmm0PVHG-kE<\/a><br \/><strong>Simon Sinek<\/strong> \u2013 How to be a leader: <a href=\"https:\/\/www.youtube.com\/watch?v=lkNfW5ych64\" target=\"_blank\" rel=\"noopener\">https:\/\/www.youtube.com\/watch?v=lkNfW5ych64<\/a><br \/><strong>Wojciech Eichelberger<\/strong> \u2013 Stres czy przewaga energetyczna: <a href=\"https:\/\/www.youtube.com\/watch?v=mDvIIqn72U0\" target=\"_blank\" rel=\"noopener\">https:\/\/www.youtube.com\/watch?v=mDvIIqn72U0<\/a><\/p>\t\t\t\t\t\t<\/div>\n\t\t\t\t<\/div>\n\t\t\t\t\t<\/div>\n\t\t<\/div>\n\t\t\t\t\t\t\t<\/div>\n\t\t<\/section>\n\t\t\t\t\t\t\t<\/div>\n\t\t","protected":false},"excerpt":{"rendered":"<p>Inspiracje Andrzej Blikle \u2013 rozmowa z Profesorem: https:\/\/www.youtube.com\/watch?v=yPV_Bg7fRlQ\u00a0Susan Cain \u2013 The powers of introverts: https:\/\/www.youtube.com\/watch?v=c0KYU2j0TM4Carol Dweck \u2013 The growth mindset: https:\/\/www.youtube.com\/watch?v=-71zdXCMU6ACarol Dweck \u2013 Perfectionism: https:\/\/www.youtube.com\/watch?v=XgUF5WalyDkJudith Leary-Joyce \u2013 The psychology of success: https:\/\/www.youtube.com\/watch?v=84YupkaNhjgCesar Millan \u2013 Train confidence &amp; become the leader of the pack: https:\/\/www.youtube.com\/watch?v=sTgxWI608u8Jacek Santorski \u2013 Mentoring \u2013 opowie\u015b\u0107 osobista: https:\/\/www.youtube.com\/watch?v=TkJnqOU_ntwJacek Santorski \u2013 Znajd\u017a w [&hellip;]<\/p>\n","protected":false},"author":1,"featured_media":0,"parent":0,"menu_order":0,"comment_status":"closed","ping_status":"closed","template":"elementor_header_footer","meta":[],"_links":{"self":[{"href":"https:\/\/www.szkoleniatotum.pl\/index.php\/wp-json\/wp\/v2\/pages\/141"}],"collection":[{"href":"https:\/\/www.szkoleniatotum.pl\/index.php\/wp-json\/wp\/v2\/pages"}],"about":[{"href":"https:\/\/www.szkoleniatotum.pl\/index.php\/wp-json\/wp\/v2\/types\/page"}],"author":[{"embeddable":true,"href":"https:\/\/www.szkoleniatotum.pl\/index.php\/wp-json\/wp\/v2\/users\/1"}],"replies":[{"embeddable":true,"href":"https:\/\/www.szkoleniatotum.pl\/index.php\/wp-json\/wp\/v2\/comments?post=141"}],"version-history":[{"count":7,"href":"https:\/\/www.szkoleniatotum.pl\/index.php\/wp-json\/wp\/v2\/pages\/141\/revisions"}],"predecessor-version":[{"id":153,"href":"https:\/\/www.szkoleniatotum.pl\/index.php\/wp-json\/wp\/v2\/pages\/141\/revisions\/153"}],"wp:attachment":[{"href":"https:\/\/www.szkoleniatotum.pl\/index.php\/wp-json\/wp\/v2\/media?parent=141"}],"curies":[{"name":"wp","href":"https:\/\/api.w.org\/{rel}","templated":true}]}}