{"id":146,"date":"2022-07-27T11:46:36","date_gmt":"2022-07-27T09:46:36","guid":{"rendered":"https:\/\/www.szkoleniatotum.pl\/?page_id=146"},"modified":"2023-03-03T20:17:52","modified_gmt":"2023-03-03T19:17:52","slug":"kontakt","status":"publish","type":"page","link":"https:\/\/www.szkoleniatotum.pl\/index.php\/kontakt\/","title":{"rendered":"Kontakt"},"content":{"rendered":"\t\t<div data-elementor-type=\"wp-page\" data-elementor-id=\"146\" class=\"elementor elementor-146\">\n\t\t\t\t\t\t\t\t\t<section data-particle_enable=\"false\" data-particle-mobile-disabled=\"false\" class=\"elementor-section elementor-top-section elementor-element elementor-element-6fb1886 elementor-section-boxed elementor-section-height-default elementor-section-height-default\" data-id=\"6fb1886\" data-element_type=\"section\" id=\"content\" data-settings=\"{&quot;background_background&quot;:&quot;classic&quot;}\">\n\t\t\t\t\t\t<div class=\"elementor-container elementor-column-gap-no\">\n\t\t\t\t\t<div class=\"elementor-column elementor-col-100 elementor-top-column elementor-element elementor-element-ff2ba29\" data-id=\"ff2ba29\" data-element_type=\"column\" data-settings=\"{&quot;background_background&quot;:&quot;classic&quot;}\">\n\t\t\t<div class=\"elementor-widget-wrap elementor-element-populated\">\n\t\t\t\t\t\t\t\t<div class=\"elementor-element elementor-element-de96136 elementor-widget elementor-widget-heading\" data-id=\"de96136\" data-element_type=\"widget\" data-widget_type=\"heading.default\">\n\t\t\t\t<div class=\"elementor-widget-container\">\n\t\t\t<style>\/*! elementor - v3.6.5 - 27-04-2022 *\/\n.elementor-heading-title{padding:0;margin:0;line-height:1}.elementor-widget-heading .elementor-heading-title[class*=elementor-size-]>a{color:inherit;font-size:inherit;line-height:inherit}.elementor-widget-heading .elementor-heading-title.elementor-size-small{font-size:15px}.elementor-widget-heading .elementor-heading-title.elementor-size-medium{font-size:19px}.elementor-widget-heading .elementor-heading-title.elementor-size-large{font-size:29px}.elementor-widget-heading .elementor-heading-title.elementor-size-xl{font-size:39px}.elementor-widget-heading .elementor-heading-title.elementor-size-xxl{font-size:59px}<\/style><h2 class=\"elementor-heading-title elementor-size-default\">Kontakt<\/h2>\t\t<\/div>\n\t\t\t\t<\/div>\n\t\t\t\t<div class=\"elementor-element elementor-element-ea10e62 elementor-widget elementor-widget-text-editor\" data-id=\"ea10e62\" data-element_type=\"widget\" data-widget_type=\"text-editor.default\">\n\t\t\t\t<div class=\"elementor-widget-container\">\n\t\t\t<style>\/*! elementor - v3.6.5 - 27-04-2022 *\/\n.elementor-widget-text-editor.elementor-drop-cap-view-stacked .elementor-drop-cap{background-color:#818a91;color:#fff}.elementor-widget-text-editor.elementor-drop-cap-view-framed .elementor-drop-cap{color:#818a91;border:3px solid;background-color:transparent}.elementor-widget-text-editor:not(.elementor-drop-cap-view-default) .elementor-drop-cap{margin-top:8px}.elementor-widget-text-editor:not(.elementor-drop-cap-view-default) .elementor-drop-cap-letter{width:1em;height:1em}.elementor-widget-text-editor .elementor-drop-cap{float:left;text-align:center;line-height:1;font-size:50px}.elementor-widget-text-editor .elementor-drop-cap-letter{display:inline-block}<\/style>\t\t\t\t<p><img decoding=\"async\" loading=\"lazy\" class=\"size-medium wp-image-180 alignright\" src=\"https:\/\/www.szkoleniatotum.pl\/wp-content\/uploads\/2023\/03\/ek-male-LI-294x300.png\" alt=\"\" width=\"294\" height=\"300\" srcset=\"https:\/\/www.szkoleniatotum.pl\/wp-content\/uploads\/2023\/03\/ek-male-LI-294x300.png 294w, https:\/\/www.szkoleniatotum.pl\/wp-content\/uploads\/2023\/03\/ek-male-LI.png 400w\" sizes=\"(max-width: 294px) 100vw, 294px\" \/>Firmy i osoby zainteresowane:<\/p><ul><li>stworzeniem atmosfery pracy, sprzyjaj\u0105cej wsp\u00f3\u0142pracy r\u00f3\u017cnych pokole\u0144,<\/li><li>doskonaleniem umiej\u0119tno\u015bci zarz\u0105dzania r\u00f3\u017cnymi pokoleniami,<br \/>wdra\u017caniem m\u0142odych pracownik\u00f3w do \u015brodowiska pracy,<\/li><li>rozwojem, doskonaleniem i praktycznym zastosowaniem umiej\u0119tno\u015bci mi\u0119kkich w codziennej pracy<\/li><\/ul><p>zapraszam do kontaktu ze mn\u0105: <a href=\"mailto:kontakt@szkoleniatotum.pl\" target=\"_blank\" rel=\"noopener\">kontakt@szkoleniatotum.pl<\/a>, <span style=\"color: #d38787;\">+ 48 607-509-102<\/span><\/p><p>Z przyjemno\u015bci\u0105 odpowiem na pytania. Zapoznam si\u0119 z Pa\u0144stwa sytuacj\u0105 i oczekiwaniami, zaproponuj\u0119 optymalne rozwi\u0105zania.<\/p><p>Na etapie projektowania rozwi\u0105zania zawsze wsp\u00f3\u0142pracuj\u0119 z firm\u0105, \u017ceby maksymalnie dopasowa\u0107 ofert\u0119 do potrzeb organizacji. To sprawia, \u017ce zrealizowane projekty s\u0105 warto\u015bciowe, zar\u00f3wno dla firm, jak i poszczeg\u00f3lnych uczestnik\u00f3w projekt\u00f3w.<\/p><p>Z pozdrowieniami,<br \/>El\u017cbieta Kowalewska<\/p>\t\t\t\t\t\t<\/div>\n\t\t\t\t<\/div>\n\t\t\t\t\t<\/div>\n\t\t<\/div>\n\t\t\t\t\t\t\t<\/div>\n\t\t<\/section>\n\t\t\t\t\t\t\t<\/div>\n\t\t","protected":false},"excerpt":{"rendered":"<p>Kontakt Firmy i osoby zainteresowane: stworzeniem atmosfery pracy, sprzyjaj\u0105cej wsp\u00f3\u0142pracy r\u00f3\u017cnych pokole\u0144, doskonaleniem umiej\u0119tno\u015bci zarz\u0105dzania r\u00f3\u017cnymi pokoleniami,wdra\u017caniem m\u0142odych pracownik\u00f3w do \u015brodowiska pracy, rozwojem, doskonaleniem i praktycznym zastosowaniem umiej\u0119tno\u015bci mi\u0119kkich w codziennej pracy zapraszam do kontaktu ze mn\u0105: kontakt@szkoleniatotum.pl, + 48 607-509-102 Z przyjemno\u015bci\u0105 odpowiem na pytania. Zapoznam si\u0119 z Pa\u0144stwa sytuacj\u0105 i oczekiwaniami, zaproponuj\u0119 optymalne [&hellip;]<\/p>\n","protected":false},"author":1,"featured_media":0,"parent":0,"menu_order":0,"comment_status":"closed","ping_status":"closed","template":"elementor_header_footer","meta":[],"_links":{"self":[{"href":"https:\/\/www.szkoleniatotum.pl\/index.php\/wp-json\/wp\/v2\/pages\/146"}],"collection":[{"href":"https:\/\/www.szkoleniatotum.pl\/index.php\/wp-json\/wp\/v2\/pages"}],"about":[{"href":"https:\/\/www.szkoleniatotum.pl\/index.php\/wp-json\/wp\/v2\/types\/page"}],"author":[{"embeddable":true,"href":"https:\/\/www.szkoleniatotum.pl\/index.php\/wp-json\/wp\/v2\/users\/1"}],"replies":[{"embeddable":true,"href":"https:\/\/www.szkoleniatotum.pl\/index.php\/wp-json\/wp\/v2\/comments?post=146"}],"version-history":[{"count":7,"href":"https:\/\/www.szkoleniatotum.pl\/index.php\/wp-json\/wp\/v2\/pages\/146\/revisions"}],"predecessor-version":[{"id":186,"href":"https:\/\/www.szkoleniatotum.pl\/index.php\/wp-json\/wp\/v2\/pages\/146\/revisions\/186"}],"wp:attachment":[{"href":"https:\/\/www.szkoleniatotum.pl\/index.php\/wp-json\/wp\/v2\/media?parent=146"}],"curies":[{"name":"wp","href":"https:\/\/api.w.org\/{rel}","templated":true}]}}